{"id":1893,"date":"2020-11-09T03:28:45","date_gmt":"2020-11-09T03:28:45","guid":{"rendered":"http:\/\/nipe.eeg.uminho.pt\/?page_id=1893"},"modified":"2021-05-19T15:31:27","modified_gmt":"2021-05-19T15:31:27","slug":"news","status":"publish","type":"page","link":"https:\/\/nipe.eeg.uminho.pt\/en\/news\/","title":{"rendered":"News"},"content":{"rendered":"<div class=\"wpb-content-wrapper\"><p>[vc_row full_width=&#8221;stretch_row&#8221; gap=&#8221;0&#8243;][vc_column][vc_column_text]<div class=\"custom-header\" style=\"background-image: url(https:\/\/nipe.eeg.uminho.pt\/wp-content\/uploads\/2021\/05\/nipe-news.jpg)\"><div class=\"container\"><h1>News<\/h1><div><ul id=\"breadcrumbs\" class=\"breadcrumbs\"><li class=\"item-home\"><a class=\"bread-link bread-home\" href=\"https:\/\/nipe.eeg.uminho.pt\/en\/\" title=\"Homepage\">Homepage<\/a><\/li><\/ul><\/div><\/div><\/div>\n<p>[\/vc_column_text][\/vc_column][\/vc_row][vc_row full_width=&#8221;stretch_row&#8221;][vc_column][vc_column_text]<div class=\"search-container\"><div class=\"container search-inner-container\"><h2 class=\"search-box-title\">News<\/h2><form role=\"search\" method=\"get\" class=\"search-form\" action=\"https:\/\/nipe.eeg.uminho.pt\"><input type=\"hidden\" name=\"post_type\" value=\"post\"><label class=\"search-form-label\"><input type=\"search\" class=\"search-field\" value=\"\" name=\"s\"><\/label><input type=\"submit\" class=\"search-submit\" value=\"Search\"><\/form><\/form><div class=\"clean-search\"><button class=\"btn-clean-search btn-submit\">Clean<\/button><\/div><\/div><\/div>\n<p>[\/vc_column_text][\/vc_column][\/vc_row][vc_row css=&#8221;.vc_custom_1620748100531{margin-top: 70px !important;}&#8221; el_class=&#8221;featured-posts-row&#8221;][vc_column][vc_column_text]<div class=\"featured-posts-row liquid-blog-grid\"><div class=\"\"><figure class=\"liquid-lp-media\"><a class=\"\" href=\"https:\/\/nipe.eeg.uminho.pt\/en\/fernando-alexandre-the-new-minister-of-education-science-and-innovation\/\" title=\"Fernando Alexandre, the new Minister of Education, Science and Innovation\"><img loading=\"lazy\" decoding=\"async\" width=\"550\" height=\"309\" src=\"https:\/\/nipe.eeg.uminho.pt\/wp-content\/uploads\/2023\/12\/Fernando-Alexandre-Minister.png\" class=\"attachment-liquid-classic-2-blog size-liquid-classic-2-blog wp-post-image wp-post-image\" alt=\"\" srcset=\"https:\/\/nipe.eeg.uminho.pt\/wp-content\/uploads\/2023\/12\/Fernando-Alexandre-Minister.png 1600w, https:\/\/nipe.eeg.uminho.pt\/wp-content\/uploads\/2023\/12\/Fernando-Alexandre-Minister-300x169.png 300w, https:\/\/nipe.eeg.uminho.pt\/wp-content\/uploads\/2023\/12\/Fernando-Alexandre-Minister-1024x576.png 1024w\" sizes=\"auto, (max-width: 550px) 100vw, 550px\" \/><\/a><\/figure><div class=\"post-list-content\"><time>3 de April, 2024<\/time><h2 class=\"liquid-lp-title\">Fernando Alexandre, the new Minister of Education, Science and Innovation<\/h2><footer class=\"liquid-lp-footer\"><a class=\"post-list-link\" href=\"https:\/\/nipe.eeg.uminho.pt\/en\/fernando-alexandre-the-new-minister-of-education-science-and-innovation\/\" title=\"Fernando Alexandre, the new Minister of Education, Science and Innovation\"><span><span class=\"btn-txt\">Continue reading<\/span><\/span><\/a><\/footer><\/div><\/div><div class=\"\"><figure class=\"liquid-lp-media\"><a class=\"\" href=\"https:\/\/nipe.eeg.uminho.pt\/en\/research-scholarship-bi-hfpt-2024-1\/\" title=\"Research Scholarship: BI-HfPT-2024 (1)\"><img loading=\"lazy\" decoding=\"async\" width=\"550\" height=\"226\" src=\"https:\/\/nipe.eeg.uminho.pt\/wp-content\/uploads\/2024\/03\/Atribuicao-de-Bolsas-de-Investigacao-para-Doutoramento_EN.png\" class=\"attachment-liquid-classic-2-blog size-liquid-classic-2-blog wp-post-image wp-post-image\" alt=\"\" srcset=\"https:\/\/nipe.eeg.uminho.pt\/wp-content\/uploads\/2024\/03\/Atribuicao-de-Bolsas-de-Investigacao-para-Doutoramento_EN.png 1500w, https:\/\/nipe.eeg.uminho.pt\/wp-content\/uploads\/2024\/03\/Atribuicao-de-Bolsas-de-Investigacao-para-Doutoramento_EN-300x123.png 300w, https:\/\/nipe.eeg.uminho.pt\/wp-content\/uploads\/2024\/03\/Atribuicao-de-Bolsas-de-Investigacao-para-Doutoramento_EN-1024x420.png 1024w\" sizes=\"auto, (max-width: 550px) 100vw, 550px\" \/><\/a><\/figure><div class=\"post-list-content\"><time>27 de March, 2024<\/time><h2 class=\"liquid-lp-title\">Research Scholarship: BI-HfPT-2024 (1)<\/h2><footer class=\"liquid-lp-footer\"><a class=\"post-list-link\" href=\"https:\/\/nipe.eeg.uminho.pt\/en\/research-scholarship-bi-hfpt-2024-1\/\" title=\"Research Scholarship: BI-HfPT-2024 (1)\"><span><span class=\"btn-txt\">Continue reading<\/span><\/span><\/a><\/footer><\/div><\/div><div class=\"\"><figure class=\"liquid-lp-media\"><a class=\"\" href=\"https:\/\/nipe.eeg.uminho.pt\/en\/research-initiation-scholarship-bii-2024-nipe-1\/\" title=\"Research Initiation Scholarship: BII-2024-NIPE (1)\"><img loading=\"lazy\" decoding=\"async\" width=\"550\" height=\"226\" src=\"https:\/\/nipe.eeg.uminho.pt\/wp-content\/uploads\/2024\/02\/imagem-EN.png\" class=\"attachment-liquid-classic-2-blog size-liquid-classic-2-blog wp-post-image wp-post-image\" alt=\"\" srcset=\"https:\/\/nipe.eeg.uminho.pt\/wp-content\/uploads\/2024\/02\/imagem-EN.png 1500w, https:\/\/nipe.eeg.uminho.pt\/wp-content\/uploads\/2024\/02\/imagem-EN-300x123.png 300w, https:\/\/nipe.eeg.uminho.pt\/wp-content\/uploads\/2024\/02\/imagem-EN-1024x420.png 1024w\" sizes=\"auto, (max-width: 550px) 100vw, 550px\" \/><\/a><\/figure><div class=\"post-list-content\"><time>6 de February, 2024<\/time><h2 class=\"liquid-lp-title\">Research Initiation Scholarship: BII-2024-NIPE (1)<\/h2><footer class=\"liquid-lp-footer\"><a class=\"post-list-link\" href=\"https:\/\/nipe.eeg.uminho.pt\/en\/research-initiation-scholarship-bii-2024-nipe-1\/\" title=\"Research Initiation Scholarship: BII-2024-NIPE (1)\"><span><span class=\"btn-txt\">Continue reading<\/span><\/span><\/a><\/footer><\/div><\/div><div class=\"\"><figure class=\"liquid-lp-media\"><a class=\"\" href=\"https:\/\/nipe.eeg.uminho.pt\/en\/preliminary-report-on-the-evaluation-of-strategic-options-for-increasing-airport-capacity-in-the-lisbon-region-study-coordinated-by-fernando-alexandre\/\" title=\"Preliminary Report on the Evaluation of Strategic Options for Increasing Airport Capacity in the Lisbon Region: Study Coordinated by Fernando Alexandre\"><img loading=\"lazy\" decoding=\"async\" width=\"550\" height=\"309\" src=\"https:\/\/nipe.eeg.uminho.pt\/wp-content\/uploads\/2023\/12\/Aeroporto-Falex_v2.png\" class=\"attachment-liquid-classic-2-blog size-liquid-classic-2-blog wp-post-image wp-post-image\" alt=\"\" srcset=\"https:\/\/nipe.eeg.uminho.pt\/wp-content\/uploads\/2023\/12\/Aeroporto-Falex_v2.png 1600w, https:\/\/nipe.eeg.uminho.pt\/wp-content\/uploads\/2023\/12\/Aeroporto-Falex_v2-300x169.png 300w, https:\/\/nipe.eeg.uminho.pt\/wp-content\/uploads\/2023\/12\/Aeroporto-Falex_v2-1024x576.png 1024w\" sizes=\"auto, (max-width: 550px) 100vw, 550px\" \/><\/a><\/figure><div class=\"post-list-content\"><time>6 de December, 2023<\/time><h2 class=\"liquid-lp-title\">Preliminary Report on the Evaluation of Strategic Options for Increasing Airport Capacity in the Lisbon Region: Study Coordinated by Fernando Alexandre<\/h2><footer class=\"liquid-lp-footer\"><a class=\"post-list-link\" href=\"https:\/\/nipe.eeg.uminho.pt\/en\/preliminary-report-on-the-evaluation-of-strategic-options-for-increasing-airport-capacity-in-the-lisbon-region-study-coordinated-by-fernando-alexandre\/\" title=\"Preliminary Report on the Evaluation of Strategic Options for Increasing Airport Capacity in the Lisbon Region: Study Coordinated by Fernando Alexandre\"><span><span class=\"btn-txt\">Continue reading<\/span><\/span><\/a><\/footer><\/div><\/div><div class=\"\"><figure class=\"liquid-lp-media\"><a class=\"\" href=\"https:\/\/nipe.eeg.uminho.pt\/en\/odd-rune-straume-is-the-new-editor-of-the-journal-of-health-economics\/\" title=\"Odd Rune Straume is the new editor of the Journal of Health Economics\"><img loading=\"lazy\" decoding=\"async\" width=\"550\" height=\"309\" src=\"https:\/\/nipe.eeg.uminho.pt\/wp-content\/uploads\/2023\/12\/Odd-Rune-Straume-JHE_EN.png\" class=\"attachment-liquid-classic-2-blog size-liquid-classic-2-blog wp-post-image wp-post-image\" alt=\"\" srcset=\"https:\/\/nipe.eeg.uminho.pt\/wp-content\/uploads\/2023\/12\/Odd-Rune-Straume-JHE_EN.png 1600w, https:\/\/nipe.eeg.uminho.pt\/wp-content\/uploads\/2023\/12\/Odd-Rune-Straume-JHE_EN-300x169.png 300w, https:\/\/nipe.eeg.uminho.pt\/wp-content\/uploads\/2023\/12\/Odd-Rune-Straume-JHE_EN-1024x576.png 1024w\" sizes=\"auto, (max-width: 550px) 100vw, 550px\" \/><\/a><\/figure><div class=\"post-list-content\"><time>6 de December, 2023<\/time><h2 class=\"liquid-lp-title\">Odd Rune Straume is the new editor of the Journal of Health Economics<\/h2><footer class=\"liquid-lp-footer\"><a class=\"post-list-link\" href=\"https:\/\/nipe.eeg.uminho.pt\/en\/odd-rune-straume-is-the-new-editor-of-the-journal-of-health-economics\/\" title=\"Odd Rune Straume is the new editor of the Journal of Health Economics\"><span><span class=\"btn-txt\">Continue reading<\/span><\/span><\/a><\/footer><\/div><\/div><div class=\"\"><figure class=\"liquid-lp-media\"><a class=\"\" href=\"https:\/\/nipe.eeg.uminho.pt\/en\/nipe-organises-the-16th-edition-of-the-annual-meeting-of-the-portuguese-economic-journal\/\" title=\"NIPE organises the 16th edition of the Annual Meeting of the Portuguese Economic Journal\"><img loading=\"lazy\" decoding=\"async\" width=\"550\" height=\"290\" src=\"https:\/\/nipe.eeg.uminho.pt\/wp-content\/uploads\/2023\/08\/ImagemEvento.jpeg\" class=\"attachment-liquid-classic-2-blog size-liquid-classic-2-blog wp-post-image wp-post-image\" alt=\"\" srcset=\"https:\/\/nipe.eeg.uminho.pt\/wp-content\/uploads\/2023\/08\/ImagemEvento.jpeg 960w, https:\/\/nipe.eeg.uminho.pt\/wp-content\/uploads\/2023\/08\/ImagemEvento-300x158.jpeg 300w\" sizes=\"auto, (max-width: 550px) 100vw, 550px\" \/><\/a><\/figure><div class=\"post-list-content\"><time>20 de July, 2023<\/time><h2 class=\"liquid-lp-title\">NIPE organises the 16th edition of the Annual Meeting of the Portuguese Economic Journal<\/h2><footer class=\"liquid-lp-footer\"><a class=\"post-list-link\" href=\"https:\/\/nipe.eeg.uminho.pt\/en\/nipe-organises-the-16th-edition-of-the-annual-meeting-of-the-portuguese-economic-journal\/\" title=\"NIPE organises the 16th edition of the Annual Meeting of the Portuguese Economic Journal\"><span><span class=\"btn-txt\">Continue reading<\/span><\/span><\/a><\/footer><\/div><\/div><\/div><div class=\"posts-list-pagination\"> <ul class='pagination'><li class=\"page-item active\"><a class='page-link'>1<\/a><\/li><li class='page-item'> <a href='https:\/\/nipe.eeg.uminho.pt\/en\/wp-json\/wp\/v2\/pages\/1893\/page\/2\/' class=\"page-link\">2<\/a><\/li><li class='page-item'> <a href='https:\/\/nipe.eeg.uminho.pt\/en\/wp-json\/wp\/v2\/pages\/1893\/page\/3\/' class=\"page-link\">3<\/a><\/li><li class='page-item'> <a href='https:\/\/nipe.eeg.uminho.pt\/en\/wp-json\/wp\/v2\/pages\/1893\/page\/4\/' class=\"page-link\">4<\/a><\/li><li class='page-item'> <a href='https:\/\/nipe.eeg.uminho.pt\/en\/wp-json\/wp\/v2\/pages\/1893\/page\/5\/' class=\"page-link\">5<\/a><\/li> <li class='page-item'><a class='page-link' href=\"https:\/\/nipe.eeg.uminho.pt\/en\/wp-json\/wp\/v2\/pages\/1893\/page\/2\/\">i class='flaticon flaticon-back'><\/i><\/a><\/li> <li class='page-item'><a class='page-link' href='https:\/\/nipe.eeg.uminho.pt\/en\/wp-json\/wp\/v2\/pages\/1893\/page\/11\/'><i class='flaticon flaticon-arrow'><\/i><\/a><\/li><\/ul><\/div>\n<p>[\/vc_column_text][\/vc_column][\/vc_row]<\/p>\n<\/div>","protected":false},"excerpt":{"rendered":"<p>[vc_row full_width=&#8221;stretch_row&#8221; gap=&#8221;0&#8243;][vc_column][vc_column_text] [\/vc_column_text][\/vc_column][\/vc_row][vc_row full_width=&#8221;stretch_row&#8221;][vc_column][vc_column_text] [\/vc_column_text][\/vc_column][\/vc_row][vc_row css=&#8221;.vc_custom_1620748100531{margin-top: 70px !important;}&#8221; el_class=&#8221;featured-posts-row&#8221;][vc_column][vc_column_text] [\/vc_column_text][\/vc_column][\/vc_row]<\/p>\n","protected":false},"author":5,"featured_media":0,"parent":0,"menu_order":0,"comment_status":"closed","ping_status":"closed","template":"","meta":{"_acf_changed":false,"footnotes":""},"class_list":["post-1893","page","type-page","status-publish","hentry"],"acf":[],"yoast_head":"<!-- This site is optimized with the Yoast SEO plugin v25.8 - https:\/\/yoast.com\/wordpress\/plugins\/seo\/ -->\n<title>News - N\u00facleo de Investiga\u00e7\u00e3o em Pol\u00ed\u200bticas Econ\u00f3micas e Empresariais<\/title>\n<meta name=\"robots\" content=\"index, follow, max-snippet:-1, max-image-preview:large, max-video-preview:-1\" \/>\n<link rel=\"canonical\" href=\"https:\/\/nipe.eeg.uminho.pt\/en\/news\/\" \/>\n<meta property=\"og:locale\" content=\"en_US\" \/>\n<meta property=\"og:type\" content=\"article\" \/>\n<meta property=\"og:title\" content=\"News - N\u00facleo de Investiga\u00e7\u00e3o em Pol\u00ed\u200bticas Econ\u00f3micas e Empresariais\" \/>\n<meta property=\"og:description\" content=\"[vc_row full_width=&#8221;stretch_row&#8221; gap=&#8221;0&#8243;][vc_column][vc_column_text] [\/vc_column_text][\/vc_column][\/vc_row][vc_row full_width=&#8221;stretch_row&#8221;][vc_column][vc_column_text] [\/vc_column_text][\/vc_column][\/vc_row][vc_row css=&#8221;.vc_custom_1620748100531{margin-top: 70px !important;}&#8221; el_class=&#8221;featured-posts-row&#8221;][vc_column][vc_column_text] [\/vc_column_text][\/vc_column][\/vc_row]\" \/>\n<meta property=\"og:url\" content=\"https:\/\/nipe.eeg.uminho.pt\/en\/news\/\" \/>\n<meta property=\"og:site_name\" content=\"N\u00facleo de Investiga\u00e7\u00e3o em Pol\u00ed\u200bticas Econ\u00f3micas e Empresariais\" \/>\n<meta property=\"article:modified_time\" content=\"2021-05-19T15:31:27+00:00\" \/>\n<meta name=\"twitter:card\" content=\"summary_large_image\" \/>\n<meta name=\"twitter:label1\" content=\"Est. reading time\" \/>\n\t<meta name=\"twitter:data1\" content=\"1 minute\" \/>\n<script type=\"application\/ld+json\" class=\"yoast-schema-graph\">{\"@context\":\"https:\/\/schema.org\",\"@graph\":[{\"@type\":\"WebPage\",\"@id\":\"https:\/\/nipe.eeg.uminho.pt\/en\/news\/\",\"url\":\"https:\/\/nipe.eeg.uminho.pt\/en\/news\/\",\"name\":\"News - N\u00facleo de Investiga\u00e7\u00e3o em Pol\u00ed\u200bticas Econ\u00f3micas e Empresariais\",\"isPartOf\":{\"@id\":\"https:\/\/nipe.eeg.uminho.pt\/en\/#website\"},\"datePublished\":\"2020-11-09T03:28:45+00:00\",\"dateModified\":\"2021-05-19T15:31:27+00:00\",\"breadcrumb\":{\"@id\":\"https:\/\/nipe.eeg.uminho.pt\/en\/news\/#breadcrumb\"},\"inLanguage\":\"en-US\",\"potentialAction\":[{\"@type\":\"ReadAction\",\"target\":[\"https:\/\/nipe.eeg.uminho.pt\/en\/news\/\"]}]},{\"@type\":\"BreadcrumbList\",\"@id\":\"https:\/\/nipe.eeg.uminho.pt\/en\/news\/#breadcrumb\",\"itemListElement\":[{\"@type\":\"ListItem\",\"position\":1,\"name\":\"In\u00edcio\",\"item\":\"https:\/\/nipe.eeg.uminho.pt\/en\/\"},{\"@type\":\"ListItem\",\"position\":2,\"name\":\"News\"}]},{\"@type\":\"WebSite\",\"@id\":\"https:\/\/nipe.eeg.uminho.pt\/en\/#website\",\"url\":\"https:\/\/nipe.eeg.uminho.pt\/en\/\",\"name\":\"N\u00facleo de Investiga\u00e7\u00e3o em Pol\u00ed\u200bticas Econ\u00f3micas e Empresariais\",\"description\":\"Escola de Economia e Gest\u00e3o da UMinho\",\"publisher\":{\"@id\":\"https:\/\/nipe.eeg.uminho.pt\/en\/#organization\"},\"potentialAction\":[{\"@type\":\"SearchAction\",\"target\":{\"@type\":\"EntryPoint\",\"urlTemplate\":\"https:\/\/nipe.eeg.uminho.pt\/en\/?s={search_term_string}\"},\"query-input\":{\"@type\":\"PropertyValueSpecification\",\"valueRequired\":true,\"valueName\":\"search_term_string\"}}],\"inLanguage\":\"en-US\"},{\"@type\":\"Organization\",\"@id\":\"https:\/\/nipe.eeg.uminho.pt\/en\/#organization\",\"name\":\"NIPE U.MINHO\",\"url\":\"https:\/\/nipe.eeg.uminho.pt\/en\/\",\"logo\":{\"@type\":\"ImageObject\",\"inLanguage\":\"en-US\",\"@id\":\"https:\/\/nipe.eeg.uminho.pt\/en\/#\/schema\/logo\/image\/\",\"url\":\"https:\/\/nipe.eeg.uminho.pt\/wp-content\/uploads\/2021\/02\/NIPE-logo-principal_hover_retina.jpg\",\"contentUrl\":\"https:\/\/nipe.eeg.uminho.pt\/wp-content\/uploads\/2021\/02\/NIPE-logo-principal_hover_retina.jpg\",\"width\":320,\"height\":320,\"caption\":\"NIPE U.MINHO\"},\"image\":{\"@id\":\"https:\/\/nipe.eeg.uminho.pt\/en\/#\/schema\/logo\/image\/\"}}]}<\/script>\n<!-- \/ Yoast SEO plugin. -->","yoast_head_json":{"title":"News - N\u00facleo de Investiga\u00e7\u00e3o em Pol\u00ed\u200bticas Econ\u00f3micas e Empresariais","robots":{"index":"index","follow":"follow","max-snippet":"max-snippet:-1","max-image-preview":"max-image-preview:large","max-video-preview":"max-video-preview:-1"},"canonical":"https:\/\/nipe.eeg.uminho.pt\/en\/news\/","og_locale":"en_US","og_type":"article","og_title":"News - N\u00facleo de Investiga\u00e7\u00e3o em Pol\u00ed\u200bticas Econ\u00f3micas e Empresariais","og_description":"[vc_row full_width=&#8221;stretch_row&#8221; gap=&#8221;0&#8243;][vc_column][vc_column_text] [\/vc_column_text][\/vc_column][\/vc_row][vc_row full_width=&#8221;stretch_row&#8221;][vc_column][vc_column_text] [\/vc_column_text][\/vc_column][\/vc_row][vc_row css=&#8221;.vc_custom_1620748100531{margin-top: 70px !important;}&#8221; el_class=&#8221;featured-posts-row&#8221;][vc_column][vc_column_text] [\/vc_column_text][\/vc_column][\/vc_row]","og_url":"https:\/\/nipe.eeg.uminho.pt\/en\/news\/","og_site_name":"N\u00facleo de Investiga\u00e7\u00e3o em Pol\u00ed\u200bticas Econ\u00f3micas e Empresariais","article_modified_time":"2021-05-19T15:31:27+00:00","twitter_card":"summary_large_image","twitter_misc":{"Est. reading time":"1 minute"},"schema":{"@context":"https:\/\/schema.org","@graph":[{"@type":"WebPage","@id":"https:\/\/nipe.eeg.uminho.pt\/en\/news\/","url":"https:\/\/nipe.eeg.uminho.pt\/en\/news\/","name":"News - N\u00facleo de Investiga\u00e7\u00e3o em Pol\u00ed\u200bticas Econ\u00f3micas e Empresariais","isPartOf":{"@id":"https:\/\/nipe.eeg.uminho.pt\/en\/#website"},"datePublished":"2020-11-09T03:28:45+00:00","dateModified":"2021-05-19T15:31:27+00:00","breadcrumb":{"@id":"https:\/\/nipe.eeg.uminho.pt\/en\/news\/#breadcrumb"},"inLanguage":"en-US","potentialAction":[{"@type":"ReadAction","target":["https:\/\/nipe.eeg.uminho.pt\/en\/news\/"]}]},{"@type":"BreadcrumbList","@id":"https:\/\/nipe.eeg.uminho.pt\/en\/news\/#breadcrumb","itemListElement":[{"@type":"ListItem","position":1,"name":"In\u00edcio","item":"https:\/\/nipe.eeg.uminho.pt\/en\/"},{"@type":"ListItem","position":2,"name":"News"}]},{"@type":"WebSite","@id":"https:\/\/nipe.eeg.uminho.pt\/en\/#website","url":"https:\/\/nipe.eeg.uminho.pt\/en\/","name":"N\u00facleo de Investiga\u00e7\u00e3o em Pol\u00ed\u200bticas Econ\u00f3micas e Empresariais","description":"Escola de Economia e Gest\u00e3o da UMinho","publisher":{"@id":"https:\/\/nipe.eeg.uminho.pt\/en\/#organization"},"potentialAction":[{"@type":"SearchAction","target":{"@type":"EntryPoint","urlTemplate":"https:\/\/nipe.eeg.uminho.pt\/en\/?s={search_term_string}"},"query-input":{"@type":"PropertyValueSpecification","valueRequired":true,"valueName":"search_term_string"}}],"inLanguage":"en-US"},{"@type":"Organization","@id":"https:\/\/nipe.eeg.uminho.pt\/en\/#organization","name":"NIPE U.MINHO","url":"https:\/\/nipe.eeg.uminho.pt\/en\/","logo":{"@type":"ImageObject","inLanguage":"en-US","@id":"https:\/\/nipe.eeg.uminho.pt\/en\/#\/schema\/logo\/image\/","url":"https:\/\/nipe.eeg.uminho.pt\/wp-content\/uploads\/2021\/02\/NIPE-logo-principal_hover_retina.jpg","contentUrl":"https:\/\/nipe.eeg.uminho.pt\/wp-content\/uploads\/2021\/02\/NIPE-logo-principal_hover_retina.jpg","width":320,"height":320,"caption":"NIPE U.MINHO"},"image":{"@id":"https:\/\/nipe.eeg.uminho.pt\/en\/#\/schema\/logo\/image\/"}}]}},"_links":{"self":[{"href":"https:\/\/nipe.eeg.uminho.pt\/en\/wp-json\/wp\/v2\/pages\/1893","targetHints":{"allow":["GET"]}}],"collection":[{"href":"https:\/\/nipe.eeg.uminho.pt\/en\/wp-json\/wp\/v2\/pages"}],"about":[{"href":"https:\/\/nipe.eeg.uminho.pt\/en\/wp-json\/wp\/v2\/types\/page"}],"author":[{"embeddable":true,"href":"https:\/\/nipe.eeg.uminho.pt\/en\/wp-json\/wp\/v2\/users\/5"}],"replies":[{"embeddable":true,"href":"https:\/\/nipe.eeg.uminho.pt\/en\/wp-json\/wp\/v2\/comments?post=1893"}],"version-history":[{"count":4,"href":"https:\/\/nipe.eeg.uminho.pt\/en\/wp-json\/wp\/v2\/pages\/1893\/revisions"}],"predecessor-version":[{"id":9303,"href":"https:\/\/nipe.eeg.uminho.pt\/en\/wp-json\/wp\/v2\/pages\/1893\/revisions\/9303"}],"wp:attachment":[{"href":"https:\/\/nipe.eeg.uminho.pt\/en\/wp-json\/wp\/v2\/media?parent=1893"}],"curies":[{"name":"wp","href":"https:\/\/api.w.org\/{rel}","templated":true}]}}