{"id":1802,"date":"2020-11-09T03:17:02","date_gmt":"2020-11-09T03:17:02","guid":{"rendered":"http:\/\/nipe.eeg.uminho.pt\/?page_id=1802"},"modified":"2021-05-25T11:37:08","modified_gmt":"2021-05-25T10:37:08","slug":"contacts","status":"publish","type":"page","link":"https:\/\/nipe.eeg.uminho.pt\/en\/contacts\/","title":{"rendered":"Contacts"},"content":{"rendered":"<p class=\"morada\">Universidade do Minho \u200b\u200b<br \/>\nEscola de Economia e Gest\u00e3o\u200b<br \/>\nN\u00facleo de Investiga\u00e7\u00e3o\u200b em Pol\u00edticas Econ\u200b\u00f3micas\u200b e Empresar\u200biais\u200b<br \/>\nCampus de Gualtar, 4710 \u2013 057 Braga\u200b<\/p>\n<p><a class=\"telefone\" href=\"tel:253 604 518\">+351 253 604 518<\/a><\/p>\n<p><a class=\"email\" href=\"mailto:nipe@eeg.uminho.pt\u200b\">nipe@eeg.uminho.pt\u200b<\/a><\/p>\n<p>&nbsp;<\/p>\n","protected":false},"excerpt":{"rendered":"<p>Universidade do Minho \u200b\u200b Escola de Economia e Gest\u00e3o\u200b N\u00facleo de Investiga\u00e7\u00e3o\u200b em Pol\u00edticas Econ\u200b\u00f3micas\u200b&#8230;<\/p>\n","protected":false},"author":5,"featured_media":8930,"parent":0,"menu_order":0,"comment_status":"closed","ping_status":"closed","template":"template-contacts.php","meta":{"_acf_changed":false,"footnotes":""},"class_list":["post-1802","page","type-page","status-publish","has-post-thumbnail","hentry"],"acf":[],"yoast_head":"<!-- This site is optimized with the Yoast SEO plugin v25.8 - https:\/\/yoast.com\/wordpress\/plugins\/seo\/ -->\n<title>Contacts - N\u00facleo de Investiga\u00e7\u00e3o em Pol\u00ed\u200bticas Econ\u00f3micas e Empresariais<\/title>\n<meta name=\"robots\" content=\"index, follow, max-snippet:-1, max-image-preview:large, max-video-preview:-1\" \/>\n<link rel=\"canonical\" href=\"https:\/\/nipe.eeg.uminho.pt\/en\/contacts\/\" \/>\n<meta property=\"og:locale\" content=\"en_US\" \/>\n<meta property=\"og:type\" content=\"article\" \/>\n<meta property=\"og:title\" content=\"Contacts - N\u00facleo de Investiga\u00e7\u00e3o em Pol\u00ed\u200bticas Econ\u00f3micas e Empresariais\" \/>\n<meta property=\"og:description\" content=\"Universidade do Minho \u200b\u200b Escola de Economia e Gest\u00e3o\u200b N\u00facleo de Investiga\u00e7\u00e3o\u200b em Pol\u00edticas Econ\u200b\u00f3micas\u200b...\" \/>\n<meta property=\"og:url\" content=\"https:\/\/nipe.eeg.uminho.pt\/en\/contacts\/\" \/>\n<meta property=\"og:site_name\" content=\"N\u00facleo de Investiga\u00e7\u00e3o em Pol\u00ed\u200bticas Econ\u00f3micas e Empresariais\" \/>\n<meta property=\"article:modified_time\" content=\"2021-05-25T10:37:08+00:00\" \/>\n<meta property=\"og:image\" content=\"https:\/\/nipe.eeg.uminho.pt\/wp-content\/uploads\/2021\/05\/nipe-um.jpg\" \/>\n\t<meta property=\"og:image:width\" content=\"620\" \/>\n\t<meta property=\"og:image:height\" content=\"357\" \/>\n\t<meta property=\"og:image:type\" content=\"image\/jpeg\" \/>\n<meta name=\"twitter:card\" content=\"summary_large_image\" \/>\n<meta name=\"twitter:label1\" content=\"Est. reading time\" \/>\n\t<meta name=\"twitter:data1\" content=\"1 minute\" \/>\n<script type=\"application\/ld+json\" class=\"yoast-schema-graph\">{\"@context\":\"https:\/\/schema.org\",\"@graph\":[{\"@type\":\"WebPage\",\"@id\":\"https:\/\/nipe.eeg.uminho.pt\/en\/contacts\/\",\"url\":\"https:\/\/nipe.eeg.uminho.pt\/en\/contacts\/\",\"name\":\"Contacts - N\u00facleo de Investiga\u00e7\u00e3o em Pol\u00ed\u200bticas Econ\u00f3micas e Empresariais\",\"isPartOf\":{\"@id\":\"https:\/\/nipe.eeg.uminho.pt\/en\/#website\"},\"primaryImageOfPage\":{\"@id\":\"https:\/\/nipe.eeg.uminho.pt\/en\/contacts\/#primaryimage\"},\"image\":{\"@id\":\"https:\/\/nipe.eeg.uminho.pt\/en\/contacts\/#primaryimage\"},\"thumbnailUrl\":\"https:\/\/nipe.eeg.uminho.pt\/wp-content\/uploads\/2021\/05\/nipe-um.jpg\",\"datePublished\":\"2020-11-09T03:17:02+00:00\",\"dateModified\":\"2021-05-25T10:37:08+00:00\",\"breadcrumb\":{\"@id\":\"https:\/\/nipe.eeg.uminho.pt\/en\/contacts\/#breadcrumb\"},\"inLanguage\":\"en-US\",\"potentialAction\":[{\"@type\":\"ReadAction\",\"target\":[\"https:\/\/nipe.eeg.uminho.pt\/en\/contacts\/\"]}]},{\"@type\":\"ImageObject\",\"inLanguage\":\"en-US\",\"@id\":\"https:\/\/nipe.eeg.uminho.pt\/en\/contacts\/#primaryimage\",\"url\":\"https:\/\/nipe.eeg.uminho.pt\/wp-content\/uploads\/2021\/05\/nipe-um.jpg\",\"contentUrl\":\"https:\/\/nipe.eeg.uminho.pt\/wp-content\/uploads\/2021\/05\/nipe-um.jpg\",\"width\":620,\"height\":357},{\"@type\":\"BreadcrumbList\",\"@id\":\"https:\/\/nipe.eeg.uminho.pt\/en\/contacts\/#breadcrumb\",\"itemListElement\":[{\"@type\":\"ListItem\",\"position\":1,\"name\":\"In\u00edcio\",\"item\":\"https:\/\/nipe.eeg.uminho.pt\/en\/\"},{\"@type\":\"ListItem\",\"position\":2,\"name\":\"Contacts\"}]},{\"@type\":\"WebSite\",\"@id\":\"https:\/\/nipe.eeg.uminho.pt\/en\/#website\",\"url\":\"https:\/\/nipe.eeg.uminho.pt\/en\/\",\"name\":\"N\u00facleo de Investiga\u00e7\u00e3o em Pol\u00ed\u200bticas Econ\u00f3micas e Empresariais\",\"description\":\"Escola de Economia e Gest\u00e3o da UMinho\",\"publisher\":{\"@id\":\"https:\/\/nipe.eeg.uminho.pt\/en\/#organization\"},\"potentialAction\":[{\"@type\":\"SearchAction\",\"target\":{\"@type\":\"EntryPoint\",\"urlTemplate\":\"https:\/\/nipe.eeg.uminho.pt\/en\/?s={search_term_string}\"},\"query-input\":{\"@type\":\"PropertyValueSpecification\",\"valueRequired\":true,\"valueName\":\"search_term_string\"}}],\"inLanguage\":\"en-US\"},{\"@type\":\"Organization\",\"@id\":\"https:\/\/nipe.eeg.uminho.pt\/en\/#organization\",\"name\":\"NIPE U.MINHO\",\"url\":\"https:\/\/nipe.eeg.uminho.pt\/en\/\",\"logo\":{\"@type\":\"ImageObject\",\"inLanguage\":\"en-US\",\"@id\":\"https:\/\/nipe.eeg.uminho.pt\/en\/#\/schema\/logo\/image\/\",\"url\":\"https:\/\/nipe.eeg.uminho.pt\/wp-content\/uploads\/2021\/02\/NIPE-logo-principal_hover_retina.jpg\",\"contentUrl\":\"https:\/\/nipe.eeg.uminho.pt\/wp-content\/uploads\/2021\/02\/NIPE-logo-principal_hover_retina.jpg\",\"width\":320,\"height\":320,\"caption\":\"NIPE U.MINHO\"},\"image\":{\"@id\":\"https:\/\/nipe.eeg.uminho.pt\/en\/#\/schema\/logo\/image\/\"}}]}<\/script>\n<!-- \/ Yoast SEO plugin. -->","yoast_head_json":{"title":"Contacts - N\u00facleo de Investiga\u00e7\u00e3o em Pol\u00ed\u200bticas Econ\u00f3micas e Empresariais","robots":{"index":"index","follow":"follow","max-snippet":"max-snippet:-1","max-image-preview":"max-image-preview:large","max-video-preview":"max-video-preview:-1"},"canonical":"https:\/\/nipe.eeg.uminho.pt\/en\/contacts\/","og_locale":"en_US","og_type":"article","og_title":"Contacts - N\u00facleo de Investiga\u00e7\u00e3o em Pol\u00ed\u200bticas Econ\u00f3micas e Empresariais","og_description":"Universidade do Minho \u200b\u200b Escola de Economia e Gest\u00e3o\u200b N\u00facleo de Investiga\u00e7\u00e3o\u200b em Pol\u00edticas Econ\u200b\u00f3micas\u200b...","og_url":"https:\/\/nipe.eeg.uminho.pt\/en\/contacts\/","og_site_name":"N\u00facleo de Investiga\u00e7\u00e3o em Pol\u00ed\u200bticas Econ\u00f3micas e Empresariais","article_modified_time":"2021-05-25T10:37:08+00:00","og_image":[{"width":620,"height":357,"url":"https:\/\/nipe.eeg.uminho.pt\/wp-content\/uploads\/2021\/05\/nipe-um.jpg","type":"image\/jpeg"}],"twitter_card":"summary_large_image","twitter_misc":{"Est. reading time":"1 minute"},"schema":{"@context":"https:\/\/schema.org","@graph":[{"@type":"WebPage","@id":"https:\/\/nipe.eeg.uminho.pt\/en\/contacts\/","url":"https:\/\/nipe.eeg.uminho.pt\/en\/contacts\/","name":"Contacts - N\u00facleo de Investiga\u00e7\u00e3o em Pol\u00ed\u200bticas Econ\u00f3micas e Empresariais","isPartOf":{"@id":"https:\/\/nipe.eeg.uminho.pt\/en\/#website"},"primaryImageOfPage":{"@id":"https:\/\/nipe.eeg.uminho.pt\/en\/contacts\/#primaryimage"},"image":{"@id":"https:\/\/nipe.eeg.uminho.pt\/en\/contacts\/#primaryimage"},"thumbnailUrl":"https:\/\/nipe.eeg.uminho.pt\/wp-content\/uploads\/2021\/05\/nipe-um.jpg","datePublished":"2020-11-09T03:17:02+00:00","dateModified":"2021-05-25T10:37:08+00:00","breadcrumb":{"@id":"https:\/\/nipe.eeg.uminho.pt\/en\/contacts\/#breadcrumb"},"inLanguage":"en-US","potentialAction":[{"@type":"ReadAction","target":["https:\/\/nipe.eeg.uminho.pt\/en\/contacts\/"]}]},{"@type":"ImageObject","inLanguage":"en-US","@id":"https:\/\/nipe.eeg.uminho.pt\/en\/contacts\/#primaryimage","url":"https:\/\/nipe.eeg.uminho.pt\/wp-content\/uploads\/2021\/05\/nipe-um.jpg","contentUrl":"https:\/\/nipe.eeg.uminho.pt\/wp-content\/uploads\/2021\/05\/nipe-um.jpg","width":620,"height":357},{"@type":"BreadcrumbList","@id":"https:\/\/nipe.eeg.uminho.pt\/en\/contacts\/#breadcrumb","itemListElement":[{"@type":"ListItem","position":1,"name":"In\u00edcio","item":"https:\/\/nipe.eeg.uminho.pt\/en\/"},{"@type":"ListItem","position":2,"name":"Contacts"}]},{"@type":"WebSite","@id":"https:\/\/nipe.eeg.uminho.pt\/en\/#website","url":"https:\/\/nipe.eeg.uminho.pt\/en\/","name":"N\u00facleo de Investiga\u00e7\u00e3o em Pol\u00ed\u200bticas Econ\u00f3micas e Empresariais","description":"Escola de Economia e Gest\u00e3o da UMinho","publisher":{"@id":"https:\/\/nipe.eeg.uminho.pt\/en\/#organization"},"potentialAction":[{"@type":"SearchAction","target":{"@type":"EntryPoint","urlTemplate":"https:\/\/nipe.eeg.uminho.pt\/en\/?s={search_term_string}"},"query-input":{"@type":"PropertyValueSpecification","valueRequired":true,"valueName":"search_term_string"}}],"inLanguage":"en-US"},{"@type":"Organization","@id":"https:\/\/nipe.eeg.uminho.pt\/en\/#organization","name":"NIPE U.MINHO","url":"https:\/\/nipe.eeg.uminho.pt\/en\/","logo":{"@type":"ImageObject","inLanguage":"en-US","@id":"https:\/\/nipe.eeg.uminho.pt\/en\/#\/schema\/logo\/image\/","url":"https:\/\/nipe.eeg.uminho.pt\/wp-content\/uploads\/2021\/02\/NIPE-logo-principal_hover_retina.jpg","contentUrl":"https:\/\/nipe.eeg.uminho.pt\/wp-content\/uploads\/2021\/02\/NIPE-logo-principal_hover_retina.jpg","width":320,"height":320,"caption":"NIPE U.MINHO"},"image":{"@id":"https:\/\/nipe.eeg.uminho.pt\/en\/#\/schema\/logo\/image\/"}}]}},"_links":{"self":[{"href":"https:\/\/nipe.eeg.uminho.pt\/en\/wp-json\/wp\/v2\/pages\/1802","targetHints":{"allow":["GET"]}}],"collection":[{"href":"https:\/\/nipe.eeg.uminho.pt\/en\/wp-json\/wp\/v2\/pages"}],"about":[{"href":"https:\/\/nipe.eeg.uminho.pt\/en\/wp-json\/wp\/v2\/types\/page"}],"author":[{"embeddable":true,"href":"https:\/\/nipe.eeg.uminho.pt\/en\/wp-json\/wp\/v2\/users\/5"}],"replies":[{"embeddable":true,"href":"https:\/\/nipe.eeg.uminho.pt\/en\/wp-json\/wp\/v2\/comments?post=1802"}],"version-history":[{"count":3,"href":"https:\/\/nipe.eeg.uminho.pt\/en\/wp-json\/wp\/v2\/pages\/1802\/revisions"}],"predecessor-version":[{"id":11273,"href":"https:\/\/nipe.eeg.uminho.pt\/en\/wp-json\/wp\/v2\/pages\/1802\/revisions\/11273"}],"wp:featuredmedia":[{"embeddable":true,"href":"https:\/\/nipe.eeg.uminho.pt\/en\/wp-json\/wp\/v2\/media\/8930"}],"wp:attachment":[{"href":"https:\/\/nipe.eeg.uminho.pt\/en\/wp-json\/wp\/v2\/media?parent=1802"}],"curies":[{"name":"wp","href":"https:\/\/api.w.org\/{rel}","templated":true}]}}