{"id":1518,"date":"2020-11-09T03:13:22","date_gmt":"2020-11-09T03:13:22","guid":{"rendered":"http:\/\/nipe.eeg.uminho.pt\/?page_id=1518"},"modified":"2025-06-12T10:17:13","modified_gmt":"2025-06-12T09:17:13","slug":"about-us","status":"publish","type":"page","link":"https:\/\/nipe.eeg.uminho.pt\/en\/about-us\/","title":{"rendered":"About us"},"content":{"rendered":"<div class=\"wpb-content-wrapper\"><p>[vc_row full_width=&#8221;stretch_row&#8221; gap=&#8221;0&#8243;][vc_column][vc_column_text]<div class=\"custom-header\" style=\"background-image: url(https:\/\/nipe.eeg.uminho.pt\/wp-content\/uploads\/2021\/05\/nipe-presentation.jpg)\"><div class=\"container\"><h1>About us<\/h1><div><ul id=\"breadcrumbs\" class=\"breadcrumbs\"><li class=\"item-home\"><a class=\"bread-link bread-home\" href=\"https:\/\/nipe.eeg.uminho.pt\/en\/\" title=\"Homepage\">Homepage<\/a><\/li><\/ul><\/div><\/div><\/div>[\/vc_column_text][\/vc_column][\/vc_row][vc_row gap=&#8221;20&#8243; equal_height=&#8221;yes&#8221; content_placement=&#8221;middle&#8221; css=&#8221;.vc_custom_1620656745240{padding-top: 40px !important;padding-bottom: 80px !important;background-color: #f2f2f2 !important;}&#8221;][vc_column]<div id=\"ultimate-heading-143069ee12c300f02\" class=\"uvc-heading ult-adjust-bottom-margin ultimate-heading-143069ee12c300f02 uvc-8205 page-sub-title\" data-hspacer=\"no_spacer\"  data-halign=\"left\" style=\"text-align:left\"><div class=\"uvc-heading-spacer no_spacer\" style=\"top\"><\/div><div class=\"uvc-main-heading ult-responsive\"  data-ultimate-target='.uvc-heading.ultimate-heading-143069ee12c300f02 h2'  data-responsive-json-new='{\"font-size\":\"\",\"line-height\":\"\"}' ><h2 style=\"font-weight:normal;\">Welcome to the Centre for Research in Economics and Management<\/h2><\/div><\/div>[vc_row_inner][vc_column_inner width=&#8221;1\/2&#8243; el_class=&#8221;presentation-left-column&#8221;][vc_column_text]Founded in 1999, the Centre for Research in Economics and Management (NIPE) is a sub-unit of the School of Economics, Management and Political Science of the University of Minho. Initially with a more specialized profile in Macroeconomics and Economic Policy, the membership growth broadened its interests to other areas of Economics and, later, to Finance and Management.[\/vc_column_text][\/vc_column_inner][vc_column_inner width=&#8221;1\/2&#8243; el_class=&#8221;presentation-right-column&#8221;][vc_column_text]NIPE currently has about 70 members, of which 38 are full members. In the latest evaluation of the R&amp;D Units carried out, in 2025, by the Foundation for Science and Technology, NIPE obtained the classification of Very Good, placing itself among the research units best classified in the research area to which it belongs.[\/vc_column_text][\/vc_column_inner][\/vc_row_inner][\/vc_column][\/vc_row][vc_row el_class=&#8221;presentation-areas&#8221;][vc_column el_class=&#8221;presentation-areas&#8221;]<div class=\"tabs tabs tabs-nav-filled tabs-nav-justified tabs-nav-items-bordered tabs-nav-active-filled tabs-content-filled ld_tabs_69ee12c30733d\" >\r\n\t<ul class=\"nav tabs-nav\" role=\"tablist\"><li role=\"presentation\" class=\"h5 active\"><a href=\"#missao\" aria-expanded=\"false\" aria-controls=\"missao\" role=\"tab\" data-toggle=\"tab\">Mission and Objectives<\/a><\/li><li role=\"presentation\" class=\"h5\"><a href=\"#direcao\" aria-expanded=\"false\" aria-controls=\"direcao\" role=\"tab\" data-toggle=\"tab\">Governance<\/a><\/li><li role=\"presentation\" class=\"h5\"><a href=\"#linhas-de-investigacao\" aria-expanded=\"false\" aria-controls=\"linhas-de-investigacao\" role=\"tab\" data-toggle=\"tab\">Research lines<\/a><\/li><li role=\"presentation\" class=\"h5\"><a href=\"#comissao\" aria-expanded=\"false\" aria-controls=\"comissao\" role=\"tab\" data-toggle=\"tab\">Scientific monitoring committee<\/a><\/li><li role=\"presentation\" class=\"h5\"><a href=\"#avaliacao-fct\" aria-expanded=\"false\" aria-controls=\"avaliacao-fct\" role=\"tab\" data-toggle=\"tab\">FCT Evaluation<\/a><\/li><\/ul>\t<div class=\"tabs-content\"><div id=\"missao\" role=\"tabpanel\" class=\"tabs-pane fade active in\"><p>[vc_row_inner][vc_column_inner width=&#8221;1\/2&#8243; el_class=&#8221;presentation-inner-tab-content&#8221;][vc_column_text]<\/p>\n<h4><strong>Mission<\/strong><\/h4>\n<p>To produce and disseminate innovative, impactful, and rigorous research in economics and business studies that is of relevance to academia, organisations, and society.<\/p>\n<h4><strong>Objectives<\/strong><\/h4>\n<p>Contribute to the advancement of economic and business sciences, through publications in scientific journals of international standing. Disseminate research findings to the academic community and broader society.<br \/>\nContribute, through consultancy, to the adoption of economic policy measures based on rigorous scientific analysis of the Portuguese and European economies.[\/vc_column_text][\/vc_column_inner][vc_column_inner width=&#8221;1\/2&#8243;][vc_single_image image=&#8221;9226&#8243; img_size=&#8221;full&#8221; alignment=&#8221;right&#8221;][\/vc_column_inner][\/vc_row_inner]<\/p>\n<\/div><div id=\"direcao\" role=\"tabpanel\" class=\"tabs-pane fade\"><p>[vc_row_inner content_placement=&#8221;middle&#8221; el_class=&#8221;elements-nipe-row&#8221;][vc_column_inner width=&#8221;1\/5&#8243; align=&#8221;text-center&#8221; el_class=&#8221;element-nipe-box&#8221;][vc_single_image image=&#8221;19553&#8243; img_size=&#8221;full&#8221;]<style>.ld_fancy_heading_69ee12c3012bc .lqd-highlight-inner{height:0.275em;bottom:0px;}<\/style><div class=\"ld-fancy-heading ld_fancy_heading_69ee12c3012bc\">\r\n\t<h3 class=\"lqd-highlight-underline lqd-highlight-grow-left\" ><a href=\"https:\/\/nipe.eeg.uminho.pt\/people\/linda-goncalves-veiga\/\" title=\"Linda Gon\u00e7alves Veiga\"><span class=\"ld-fh-txt\"> Miguel Portela<\/span><\/a><\/h3><\/div>[vc_column_text]Director[\/vc_column_text][\/vc_column_inner][vc_column_inner width=&#8221;1\/5&#8243; align=&#8221;text-center&#8221; el_class=&#8221;element-nipe-box&#8221;][vc_single_image image=&#8221;13942&#8243; img_size=&#8221;full&#8221;]<style>.ld_fancy_heading_69ee12c301597 .lqd-highlight-inner{height:0.275em;bottom:0px;}<\/style><div class=\"ld-fancy-heading ld_fancy_heading_69ee12c301597\">\r\n\t<h3 class=\"lqd-highlight-underline lqd-highlight-grow-left\" ><a href=\"https:\/\/nipe.eeg.uminho.pt\/people\/gilberto-loureiro\/\" title=\"Gilberto Loureiro\"><span class=\"ld-fh-txt\"> Ana Carvalho<\/span><\/a><\/h3><\/div>[vc_column_text]Associate Director[\/vc_column_text][\/vc_column_inner][\/vc_row_inner]<\/p>\n<\/div><div id=\"linhas-de-investigacao\" role=\"tabpanel\" class=\"tabs-pane fade\"><p>[vc_column_text el_class=&#8221;line-introduction&#8221;]<\/p>\n<p style=\"text-align: center;\">Research in NIPE is organized in five research lines.<br \/>\nThe interests of individual researchers often overlap the lines.[\/vc_column_text][vc_column_text]<div class=\"lines-list\"><div class=\"line-box\"><a href=\"https:\/\/nipe.eeg.uminho.pt\/en\/linhas-investigacao\/industrial-regional-and-envionment-economics\/\" title=\"Industrial, Regional and Environment Economics\"><img decoding=\"async\" alt=\"Industrial, Regional and Environment Economics\" src=\"https:\/\/nipe.eeg.uminho.pt\/wp-content\/uploads\/2021\/06\/economia-industrial-regional-ambiente.png\"\/><div class=\"line-box-overlay\"><h3>Industrial, Regional and Environment Economics<\/h3><\/div><\/a><\/div><div class=\"line-box\"><a href=\"https:\/\/nipe.eeg.uminho.pt\/en\/linhas-investigacao\/political-economy-and-macroeconomies\/\" title=\"Political Economy and Macroeconomies\"><img decoding=\"async\" alt=\"Political Economy and Macroeconomies\" src=\"https:\/\/nipe.eeg.uminho.pt\/wp-content\/uploads\/2021\/06\/economia-politica-macroeconomia.png\"\/><div class=\"line-box-overlay\"><h3>Political Economy and Macroeconomies<\/h3><\/div><\/a><\/div><div class=\"line-box\"><a href=\"https:\/\/nipe.eeg.uminho.pt\/en\/linhas-investigacao\/labor-economics-and-quantitative-methods\/\" title=\"Labor Economics and Quantitative Methods\"><img decoding=\"async\" alt=\"Labor Economics and Quantitative Methods\" src=\"https:\/\/nipe.eeg.uminho.pt\/wp-content\/uploads\/2021\/06\/economia-trabalho-metodos-quatitativos.png\"\/><div class=\"line-box-overlay\"><h3>Labor Economics and Quantitative Methods<\/h3><\/div><\/a><\/div><div class=\"line-box\"><a href=\"https:\/\/nipe.eeg.uminho.pt\/en\/linhas-investigacao\/finance\/\" title=\"Finance\"><img decoding=\"async\" alt=\"Finance\" src=\"https:\/\/nipe.eeg.uminho.pt\/wp-content\/uploads\/2021\/06\/financas.png\"\/><div class=\"line-box-overlay\"><h3>Finance<\/h3><\/div><\/a><\/div><div class=\"line-box\"><a href=\"https:\/\/nipe.eeg.uminho.pt\/en\/linhas-investigacao\/management\/\" title=\"Management\"><img decoding=\"async\" alt=\"Management\" src=\"https:\/\/nipe.eeg.uminho.pt\/wp-content\/uploads\/2021\/06\/gestao.png\"\/><div class=\"line-box-overlay\"><h3>Management<\/h3><\/div><\/a><\/div><\/div>[\/vc_column_text]<\/p>\n<\/div><div id=\"comissao\" role=\"tabpanel\" class=\"tabs-pane fade\"><p>[vc_row_inner equal_height=&#8221;yes&#8221; el_class=&#8221;elements-nipe-row&#8221;][vc_column_inner width=&#8221;1\/6&#8243; align=&#8221;text-center&#8221; el_class=&#8221;comission-element&#8221;][vc_single_image image=&#8221;8754&#8243; img_size=&#8221;full&#8221;]<style>.ld_fancy_heading_69ee12c30627e .lqd-highlight-inner{height:0.275em;bottom:0px;}<\/style><div class=\"ld-fancy-heading ld_fancy_heading_69ee12c30627e\">\r\n\t<h3 class=\"lqd-highlight-underline lqd-highlight-grow-left\" ><span class=\"ld-fh-txt\"> Toke Aidt<\/span><\/h3><\/div>[vc_column_text]Full Professor<br \/>\nU Cambridge, United Kingdom<\/p>\n<p>PhD University<br \/>\nof Aarhus, Denmark[\/vc_column_text]<div class=\"ult-just-icon-wrapper  \"><div class=\"align-icon\" style=\"text-align:center;\">\n<a class=\"aio-tooltip 69ee12c3064bf\" href=\"https:\/\/www.econ.cam.ac.uk\/people\/faculty\/tsa23\" title=\"Toke Aidt personal page\" target=\"_blank\" rel=\"nofollow noopener\"  data-toggle=\"tooltip\" data-placement=\"\"><div class=\"aio-icon-img \" style=\"font-size:19px;display:inline-block;\" >\n\t<img decoding=\"async\" class=\"img-icon\" alt=\"null\" src=\"https:\/\/nipe.eeg.uminho.pt\/wp-content\/uploads\/2021\/05\/personal-page-icon.png\"\/>\n<\/div><\/a><\/div><\/div>[\/vc_column_inner][vc_column_inner width=&#8221;1\/6&#8243; align=&#8221;text-center&#8221; el_class=&#8221;comission-element&#8221;][vc_single_image image=&#8221;8760&#8243; img_size=&#8221;full&#8221;]<style>.ld_fancy_heading_69ee12c306b1e .lqd-highlight-inner{height:0.275em;bottom:0px;}<\/style><div class=\"ld-fancy-heading ld_fancy_heading_69ee12c306b1e\">\r\n\t<h3 class=\"lqd-highlight-underline lqd-highlight-grow-left\" ><span class=\"ld-fh-txt\"> Jo\u00e3o Cocco<\/span><\/h3><\/div>[vc_column_text]Full Professor<br \/>\nLondon Business School, United Kingdom<\/p>\n<p>PhD Harvard University, USA[\/vc_column_text]<div class=\"ult-just-icon-wrapper  \"><div class=\"align-icon\" style=\"text-align:center;\">\n<a class=\"aio-tooltip 69ee12c306bd7\" href=\"https:\/\/www.london.edu\/faculty-and-research\/faculty-profiles\/c\/cocco-j-f\" title=\"Jo\u00e3o Cocco personal page\" target=\"_blank\" rel=\"nofollow noopener\"  data-toggle=\"tooltip\" data-placement=\"\"><div class=\"aio-icon-img \" style=\"font-size:19px;display:inline-block;\" >\n\t<img decoding=\"async\" class=\"img-icon\" alt=\"null\" src=\"https:\/\/nipe.eeg.uminho.pt\/wp-content\/uploads\/2021\/05\/personal-page-icon.png\"\/>\n<\/div><\/a><\/div><\/div>[\/vc_column_inner][vc_column_inner width=&#8221;1\/6&#8243; align=&#8221;text-center&#8221; el_class=&#8221;comission-element&#8221;][vc_single_image image=&#8221;8756&#8243; img_size=&#8221;full&#8221;]<style>.ld_fancy_heading_69ee12c306cee .lqd-highlight-inner{height:0.275em;bottom:0px;}<\/style><div class=\"ld-fancy-heading ld_fancy_heading_69ee12c306cee\">\r\n\t<h3 class=\"lqd-highlight-underline lqd-highlight-grow-left\" ><span class=\"ld-fh-txt\"> Gene Grossman<\/span><\/h3><\/div>[vc_column_text]Full Professor<br \/>\nPrinceton University, USA<\/p>\n<p>PhD Massachusetts Institute<br \/>\nof Technology, USA[\/vc_column_text]<div class=\"ult-just-icon-wrapper  \"><div class=\"align-icon\" style=\"text-align:center;\">\n<a class=\"aio-tooltip 69ee12c306d8f\" href=\"https:\/\/www.princeton.edu\/~grossman\/\" title=\"Gene M. Grossman personal page\" target=\"_blank\" rel=\"nofollow noopener\"  data-toggle=\"tooltip\" data-placement=\"\"><div class=\"aio-icon-img \" style=\"font-size:19px;display:inline-block;\" >\n\t<img decoding=\"async\" class=\"img-icon\" alt=\"null\" src=\"https:\/\/nipe.eeg.uminho.pt\/wp-content\/uploads\/2021\/05\/personal-page-icon.png\"\/>\n<\/div><\/a><\/div><\/div>[\/vc_column_inner][vc_column_inner width=&#8221;1\/6&#8243; align=&#8221;text-center&#8221; el_class=&#8221;comission-element&#8221;][vc_single_image image=&#8221;17605&#8243; img_size=&#8221;full&#8221;]<style>.ld_fancy_heading_69ee12c306e98 .lqd-highlight-inner{height:0.275em;bottom:0px;}<\/style><div class=\"ld-fancy-heading ld_fancy_heading_69ee12c306e98\">\r\n\t<h3 class=\"lqd-highlight-underline lqd-highlight-grow-left\" ><span class=\"ld-fh-txt\"> Lisa O&#8217;Malley<\/span><\/h3><\/div>[vc_column_text]Full Professor<br \/>\nUniversity of Limerick, Irland<\/p>\n<p>PhD University of Nottingham-Trent, United Kingdom[\/vc_column_text]<div class=\"ult-just-icon-wrapper  \"><div class=\"align-icon\" style=\"text-align:center;\">\n<a class=\"aio-tooltip 69ee12c306f31\" href=\"https:\/\/www.ul.ie\/research\/prof-lisa-omalley\" title=\"Lisa O&#039;Malley personal page\" target=\"_blank\" rel=\"nofollow noopener\"  data-toggle=\"tooltip\" data-placement=\"\"><div class=\"aio-icon-img \" style=\"font-size:19px;display:inline-block;\" >\n\t<img decoding=\"async\" class=\"img-icon\" alt=\"null\" src=\"https:\/\/nipe.eeg.uminho.pt\/wp-content\/uploads\/2021\/05\/personal-page-icon.png\"\/>\n<\/div><\/a><\/div><\/div>[\/vc_column_inner][vc_column_inner width=&#8221;1\/6&#8243; align=&#8221;text-center&#8221; el_class=&#8221;comission-element&#8221;][vc_single_image image=&#8221;17515&#8243; img_size=&#8221;full&#8221;]<style>.ld_fancy_heading_69ee12c307043 .lqd-highlight-inner{height:0.275em;bottom:0px;}<\/style><div class=\"ld-fancy-heading ld_fancy_heading_69ee12c307043\">\r\n\t<h3 class=\"lqd-highlight-underline lqd-highlight-grow-left\" ><span class=\"ld-fh-txt\"> Sofia Berto Villas-Boas<\/span><\/h3><\/div>[vc_column_text]Full Professor<br \/>\nUniversity of California<br \/>\nBerkeley, USA<\/p>\n<p>PhD University of California<br \/>\nBerkeley, USA[\/vc_column_text]<div class=\"ult-just-icon-wrapper  \"><div class=\"align-icon\" style=\"text-align:center;\">\n<a class=\"aio-tooltip 69ee12c3070e0\" href=\"https:\/\/are.berkeley.edu\/~sberto\/homepage.html\" title=\"Sofia Berto Villas-Boas personal page\" target=\"_blank\" rel=\"nofollow noopener\"  data-toggle=\"tooltip\" data-placement=\"\"><div class=\"aio-icon-img \" style=\"font-size:19px;display:inline-block;\" >\n\t<img decoding=\"async\" class=\"img-icon\" alt=\"null\" src=\"https:\/\/nipe.eeg.uminho.pt\/wp-content\/uploads\/2021\/05\/personal-page-icon.png\"\/>\n<\/div><\/a><\/div><\/div>[\/vc_column_inner][vc_column_inner width=&#8221;1\/6&#8243;][\/vc_column_inner][\/vc_row_inner]<\/p>\n<\/div><div id=\"avaliacao-fct\" role=\"tabpanel\" class=\"tabs-pane fade\"><p>[vc_row_inner][vc_column_inner width=&#8221;1\/2&#8243; el_class=&#8221;presentation-inner-tab-content&#8221;]<style>.ld_fancy_heading_69ee12c3072c2 .lqd-highlight-inner{height:0.275em;bottom:0px;}<\/style><div class=\"ld-fancy-heading fct-title ld_fancy_heading_69ee12c3072c2\">\r\n\t<h3 class=\"lqd-highlight-underline lqd-highlight-grow-left\" ><span class=\"ld-fh-txt\"> Very Good<\/span><\/h3><\/div>[vc_column_text]In the last evaluation of the R&amp;D Units carried out by the Foundation for Science and Technology, the Centre for Research in Economics and Management (NIPE) obtained the rating of Very Good, ranking among the four research units best classified in Portugal.<\/p>\n<p>Reference: UIDB\/03182\/2020; UIDP\/03182\/2020[\/vc_column_text][\/vc_column_inner][vc_column_inner width=&#8221;1\/2&#8243;][vc_single_image image=&#8221;30071&#8243; img_size=&#8221;full&#8221;][\/vc_column_inner][\/vc_row_inner]<\/p>\n<\/div><\/div><\/div>\r\n[\/vc_column][\/vc_row]<\/p>\n<\/div>","protected":false},"excerpt":{"rendered":"<p>[vc_row full_width=&#8221;stretch_row&#8221; gap=&#8221;0&#8243;][vc_column][vc_column_text][\/vc_column_text][\/vc_column][\/vc_row][vc_row gap=&#8221;20&#8243; equal_height=&#8221;yes&#8221; content_placement=&#8221;middle&#8221; css=&#8221;.vc_custom_1620656745240{padding-top: 40px !important;padding-bottom: 80px !important;background-color: #f2f2f2 !important;}&#8221;][vc_column][vc_row_inner][vc_column_inner width=&#8221;1\/2&#8243; el_class=&#8221;presentation-left-column&#8221;][vc_column_text]Founded&#8230;<\/p>\n","protected":false},"author":5,"featured_media":0,"parent":0,"menu_order":0,"comment_status":"closed","ping_status":"closed","template":"","meta":{"_acf_changed":false,"footnotes":""},"class_list":["post-1518","page","type-page","status-publish","hentry"],"acf":[],"yoast_head":"<!-- This site is optimized with the Yoast SEO plugin v25.8 - https:\/\/yoast.com\/wordpress\/plugins\/seo\/ -->\n<title>About us - N\u00facleo de Investiga\u00e7\u00e3o em Pol\u00ed\u200bticas Econ\u00f3micas e Empresariais<\/title>\n<meta name=\"robots\" content=\"index, follow, max-snippet:-1, max-image-preview:large, max-video-preview:-1\" \/>\n<link rel=\"canonical\" href=\"https:\/\/nipe.eeg.uminho.pt\/en\/about-us\/\" \/>\n<meta property=\"og:locale\" content=\"en_US\" \/>\n<meta property=\"og:type\" content=\"article\" \/>\n<meta property=\"og:title\" content=\"About us - N\u00facleo de Investiga\u00e7\u00e3o em Pol\u00ed\u200bticas Econ\u00f3micas e Empresariais\" \/>\n<meta property=\"og:description\" content=\"[vc_row full_width=&#8221;stretch_row&#8221; gap=&#8221;0&#8243;][vc_column][vc_column_text][\/vc_column_text][\/vc_column][\/vc_row][vc_row gap=&#8221;20&#8243; equal_height=&#8221;yes&#8221; content_placement=&#8221;middle&#8221; css=&#8221;.vc_custom_1620656745240{padding-top: 40px !important;padding-bottom: 80px !important;background-color: #f2f2f2 !important;}&#8221;][vc_column][vc_row_inner][vc_column_inner width=&#8221;1\/2&#8243; el_class=&#8221;presentation-left-column&#8221;][vc_column_text]Founded...\" \/>\n<meta property=\"og:url\" content=\"https:\/\/nipe.eeg.uminho.pt\/en\/about-us\/\" \/>\n<meta property=\"og:site_name\" content=\"N\u00facleo de Investiga\u00e7\u00e3o em Pol\u00ed\u200bticas Econ\u00f3micas e Empresariais\" \/>\n<meta property=\"article:modified_time\" content=\"2025-06-12T09:17:13+00:00\" \/>\n<meta name=\"twitter:card\" content=\"summary_large_image\" \/>\n<meta name=\"twitter:label1\" content=\"Est. reading time\" \/>\n\t<meta name=\"twitter:data1\" content=\"5 minutes\" \/>\n<script type=\"application\/ld+json\" class=\"yoast-schema-graph\">{\"@context\":\"https:\/\/schema.org\",\"@graph\":[{\"@type\":\"WebPage\",\"@id\":\"https:\/\/nipe.eeg.uminho.pt\/en\/about-us\/\",\"url\":\"https:\/\/nipe.eeg.uminho.pt\/en\/about-us\/\",\"name\":\"About us - N\u00facleo de Investiga\u00e7\u00e3o em Pol\u00ed\u200bticas Econ\u00f3micas e Empresariais\",\"isPartOf\":{\"@id\":\"https:\/\/nipe.eeg.uminho.pt\/en\/#website\"},\"datePublished\":\"2020-11-09T03:13:22+00:00\",\"dateModified\":\"2025-06-12T09:17:13+00:00\",\"breadcrumb\":{\"@id\":\"https:\/\/nipe.eeg.uminho.pt\/en\/about-us\/#breadcrumb\"},\"inLanguage\":\"en-US\",\"potentialAction\":[{\"@type\":\"ReadAction\",\"target\":[\"https:\/\/nipe.eeg.uminho.pt\/en\/about-us\/\"]}]},{\"@type\":\"BreadcrumbList\",\"@id\":\"https:\/\/nipe.eeg.uminho.pt\/en\/about-us\/#breadcrumb\",\"itemListElement\":[{\"@type\":\"ListItem\",\"position\":1,\"name\":\"In\u00edcio\",\"item\":\"https:\/\/nipe.eeg.uminho.pt\/en\/\"},{\"@type\":\"ListItem\",\"position\":2,\"name\":\"About us\"}]},{\"@type\":\"WebSite\",\"@id\":\"https:\/\/nipe.eeg.uminho.pt\/en\/#website\",\"url\":\"https:\/\/nipe.eeg.uminho.pt\/en\/\",\"name\":\"N\u00facleo de Investiga\u00e7\u00e3o em Pol\u00ed\u200bticas Econ\u00f3micas e Empresariais\",\"description\":\"Escola de Economia e Gest\u00e3o da UMinho\",\"publisher\":{\"@id\":\"https:\/\/nipe.eeg.uminho.pt\/en\/#organization\"},\"potentialAction\":[{\"@type\":\"SearchAction\",\"target\":{\"@type\":\"EntryPoint\",\"urlTemplate\":\"https:\/\/nipe.eeg.uminho.pt\/en\/?s={search_term_string}\"},\"query-input\":{\"@type\":\"PropertyValueSpecification\",\"valueRequired\":true,\"valueName\":\"search_term_string\"}}],\"inLanguage\":\"en-US\"},{\"@type\":\"Organization\",\"@id\":\"https:\/\/nipe.eeg.uminho.pt\/en\/#organization\",\"name\":\"NIPE U.MINHO\",\"url\":\"https:\/\/nipe.eeg.uminho.pt\/en\/\",\"logo\":{\"@type\":\"ImageObject\",\"inLanguage\":\"en-US\",\"@id\":\"https:\/\/nipe.eeg.uminho.pt\/en\/#\/schema\/logo\/image\/\",\"url\":\"https:\/\/nipe.eeg.uminho.pt\/wp-content\/uploads\/2021\/02\/NIPE-logo-principal_hover_retina.jpg\",\"contentUrl\":\"https:\/\/nipe.eeg.uminho.pt\/wp-content\/uploads\/2021\/02\/NIPE-logo-principal_hover_retina.jpg\",\"width\":320,\"height\":320,\"caption\":\"NIPE U.MINHO\"},\"image\":{\"@id\":\"https:\/\/nipe.eeg.uminho.pt\/en\/#\/schema\/logo\/image\/\"}}]}<\/script>\n<!-- \/ Yoast SEO plugin. -->","yoast_head_json":{"title":"About us - N\u00facleo de Investiga\u00e7\u00e3o em Pol\u00ed\u200bticas Econ\u00f3micas e Empresariais","robots":{"index":"index","follow":"follow","max-snippet":"max-snippet:-1","max-image-preview":"max-image-preview:large","max-video-preview":"max-video-preview:-1"},"canonical":"https:\/\/nipe.eeg.uminho.pt\/en\/about-us\/","og_locale":"en_US","og_type":"article","og_title":"About us - N\u00facleo de Investiga\u00e7\u00e3o em Pol\u00ed\u200bticas Econ\u00f3micas e Empresariais","og_description":"[vc_row full_width=&#8221;stretch_row&#8221; gap=&#8221;0&#8243;][vc_column][vc_column_text][\/vc_column_text][\/vc_column][\/vc_row][vc_row gap=&#8221;20&#8243; equal_height=&#8221;yes&#8221; content_placement=&#8221;middle&#8221; css=&#8221;.vc_custom_1620656745240{padding-top: 40px !important;padding-bottom: 80px !important;background-color: #f2f2f2 !important;}&#8221;][vc_column][vc_row_inner][vc_column_inner width=&#8221;1\/2&#8243; el_class=&#8221;presentation-left-column&#8221;][vc_column_text]Founded...","og_url":"https:\/\/nipe.eeg.uminho.pt\/en\/about-us\/","og_site_name":"N\u00facleo de Investiga\u00e7\u00e3o em Pol\u00ed\u200bticas Econ\u00f3micas e Empresariais","article_modified_time":"2025-06-12T09:17:13+00:00","twitter_card":"summary_large_image","twitter_misc":{"Est. reading time":"5 minutes"},"schema":{"@context":"https:\/\/schema.org","@graph":[{"@type":"WebPage","@id":"https:\/\/nipe.eeg.uminho.pt\/en\/about-us\/","url":"https:\/\/nipe.eeg.uminho.pt\/en\/about-us\/","name":"About us - N\u00facleo de Investiga\u00e7\u00e3o em Pol\u00ed\u200bticas Econ\u00f3micas e Empresariais","isPartOf":{"@id":"https:\/\/nipe.eeg.uminho.pt\/en\/#website"},"datePublished":"2020-11-09T03:13:22+00:00","dateModified":"2025-06-12T09:17:13+00:00","breadcrumb":{"@id":"https:\/\/nipe.eeg.uminho.pt\/en\/about-us\/#breadcrumb"},"inLanguage":"en-US","potentialAction":[{"@type":"ReadAction","target":["https:\/\/nipe.eeg.uminho.pt\/en\/about-us\/"]}]},{"@type":"BreadcrumbList","@id":"https:\/\/nipe.eeg.uminho.pt\/en\/about-us\/#breadcrumb","itemListElement":[{"@type":"ListItem","position":1,"name":"In\u00edcio","item":"https:\/\/nipe.eeg.uminho.pt\/en\/"},{"@type":"ListItem","position":2,"name":"About us"}]},{"@type":"WebSite","@id":"https:\/\/nipe.eeg.uminho.pt\/en\/#website","url":"https:\/\/nipe.eeg.uminho.pt\/en\/","name":"N\u00facleo de Investiga\u00e7\u00e3o em Pol\u00ed\u200bticas Econ\u00f3micas e Empresariais","description":"Escola de Economia e Gest\u00e3o da UMinho","publisher":{"@id":"https:\/\/nipe.eeg.uminho.pt\/en\/#organization"},"potentialAction":[{"@type":"SearchAction","target":{"@type":"EntryPoint","urlTemplate":"https:\/\/nipe.eeg.uminho.pt\/en\/?s={search_term_string}"},"query-input":{"@type":"PropertyValueSpecification","valueRequired":true,"valueName":"search_term_string"}}],"inLanguage":"en-US"},{"@type":"Organization","@id":"https:\/\/nipe.eeg.uminho.pt\/en\/#organization","name":"NIPE U.MINHO","url":"https:\/\/nipe.eeg.uminho.pt\/en\/","logo":{"@type":"ImageObject","inLanguage":"en-US","@id":"https:\/\/nipe.eeg.uminho.pt\/en\/#\/schema\/logo\/image\/","url":"https:\/\/nipe.eeg.uminho.pt\/wp-content\/uploads\/2021\/02\/NIPE-logo-principal_hover_retina.jpg","contentUrl":"https:\/\/nipe.eeg.uminho.pt\/wp-content\/uploads\/2021\/02\/NIPE-logo-principal_hover_retina.jpg","width":320,"height":320,"caption":"NIPE U.MINHO"},"image":{"@id":"https:\/\/nipe.eeg.uminho.pt\/en\/#\/schema\/logo\/image\/"}}]}},"_links":{"self":[{"href":"https:\/\/nipe.eeg.uminho.pt\/en\/wp-json\/wp\/v2\/pages\/1518","targetHints":{"allow":["GET"]}}],"collection":[{"href":"https:\/\/nipe.eeg.uminho.pt\/en\/wp-json\/wp\/v2\/pages"}],"about":[{"href":"https:\/\/nipe.eeg.uminho.pt\/en\/wp-json\/wp\/v2\/types\/page"}],"author":[{"embeddable":true,"href":"https:\/\/nipe.eeg.uminho.pt\/en\/wp-json\/wp\/v2\/users\/5"}],"replies":[{"embeddable":true,"href":"https:\/\/nipe.eeg.uminho.pt\/en\/wp-json\/wp\/v2\/comments?post=1518"}],"version-history":[{"count":54,"href":"https:\/\/nipe.eeg.uminho.pt\/en\/wp-json\/wp\/v2\/pages\/1518\/revisions"}],"predecessor-version":[{"id":31331,"href":"https:\/\/nipe.eeg.uminho.pt\/en\/wp-json\/wp\/v2\/pages\/1518\/revisions\/31331"}],"wp:attachment":[{"href":"https:\/\/nipe.eeg.uminho.pt\/en\/wp-json\/wp\/v2\/media?parent=1518"}],"curies":[{"name":"wp","href":"https:\/\/api.w.org\/{rel}","templated":true}]}}